{"id":97,"date":"2014-03-02T22:01:24","date_gmt":"2014-03-02T21:01:24","guid":{"rendered":"http:\/\/damienboschi.com\/pro\/?page_id=97"},"modified":"2026-03-13T09:43:34","modified_gmt":"2026-03-13T08:43:34","slug":"photographies","status":"publish","type":"page","link":"http:\/\/damienboschi.com\/photographe-professionnel\/photographies\/","title":{"rendered":"PHOTOGRAPHIES"},"content":{"rendered":"<div id=\"pl-97\"  class=\"panel-layout\" ><div id=\"pg-97-0\"  class=\"panel-grid panel-no-style\" ><div id=\"pgc-97-0-0\"  class=\"panel-grid-cell\" ><div id=\"panel-97-0-0-0\" class=\"so-panel widget widget_sow-editor panel-first-child panel-last-child\" data-index=\"0\" ><div\n\t\t\t\n\t\t\tclass=\"so-widget-sow-editor so-widget-sow-editor-base\"\n\t\t\t\n\t\t>\n<div class=\"siteorigin-widget-tinymce textwidget\">\n\t<h5 style=\\\"text-align: center;\\\">PHOTOGRAPHIES POUR LES PME, INDUSTRIES, COLLECTIVIT\u00c9S ET ASSOCIATIONS<\/h5>\n<h6 style=\\\"text-align: center;\\\">Pour voir mes r\u00e9alisations, merci de cliquer sur un des th\u00e8mes suivants:<\/h6>\n<\/div>\n<\/div><\/div><\/div><\/div><div id=\"pg-97-1\"  class=\"panel-grid panel-no-style\" ><div id=\"pgc-97-1-0\"  class=\"panel-grid-cell\" ><div id=\"panel-97-1-0-0\" class=\"so-panel widget widget_sow-editor panel-first-child\" data-index=\"1\" ><div\n\t\t\t\n\t\t\tclass=\"so-widget-sow-editor so-widget-sow-editor-base\"\n\t\t\t\n\t\t>\n<div class=\"siteorigin-widget-tinymce textwidget\">\n\t<div id=\"attachment_103\" class=\"wp-caption aligncenter\" style=\"width: 540px\"><a href=\"http:\/\/damienboschi.com\/photographe-professionnel\/aix-marseille-avignon-provence\/photographe-architecture-design\/\"><img data-attachment-id=\"103\" data-permalink=\"http:\/\/damienboschi.com\/photographe-professionnel\/portfolio\/architecture-design\/damien-boschi-img_4796\/\" data-orig-file=\"https:\/\/i0.wp.com\/damienboschi.com\/photographe-professionnel\/wp-content\/uploads\/2014\/03\/Damien-Boschi-IMG_4796.jpg?fit=750%2C500\" data-orig-size=\"750,500\" data-comments-opened=\"0\" data-image-meta=\"{&quot;aperture&quot;:&quot;0&quot;,&quot;credit&quot;:&quot;&quot;,&quot;camera&quot;:&quot;&quot;,&quot;caption&quot;:&quot;&quot;,&quot;created_timestamp&quot;:&quot;0&quot;,&quot;copyright&quot;:&quot;&quot;,&quot;focal_length&quot;:&quot;0&quot;,&quot;iso&quot;:&quot;0&quot;,&quot;shutter_speed&quot;:&quot;0&quot;,&quot;title&quot;:&quot;&quot;}\" data-image-title=\"Damien-Boschi-IMG_4796\" data-image-description=\"\" data-image-caption=\"\" data-medium-file=\"https:\/\/i0.wp.com\/damienboschi.com\/photographe-professionnel\/wp-content\/uploads\/2014\/03\/Damien-Boschi-IMG_4796.jpg?fit=300%2C200\" data-large-file=\"https:\/\/i0.wp.com\/damienboschi.com\/photographe-professionnel\/wp-content\/uploads\/2014\/03\/Damien-Boschi-IMG_4796.jpg?fit=750%2C500\" data-recalc-dims=\"1\" loading=\"lazy\" decoding=\"async\" class=\"wp-image-103\" src=\"https:\/\/i0.wp.com\/damienboschi.com\/photographe-professionnel\/wp-content\/uploads\/2014\/03\/Damien-Boschi-IMG_4796.jpg?resize=540%2C360\" alt=\"\" width=\"540\" height=\"360\" srcset=\"https:\/\/i0.wp.com\/damienboschi.com\/photographe-professionnel\/wp-content\/uploads\/2014\/03\/Damien-Boschi-IMG_4796.jpg?w=750 750w, https:\/\/i0.wp.com\/damienboschi.com\/photographe-professionnel\/wp-content\/uploads\/2014\/03\/Damien-Boschi-IMG_4796.jpg?resize=300%2C200 300w, https:\/\/i0.wp.com\/damienboschi.com\/photographe-professionnel\/wp-content\/uploads\/2014\/03\/Damien-Boschi-IMG_4796.jpg?resize=255%2C170 255w, https:\/\/i0.wp.com\/damienboschi.com\/photographe-professionnel\/wp-content\/uploads\/2014\/03\/Damien-Boschi-IMG_4796.jpg?resize=167%2C111 167w, https:\/\/i0.wp.com\/damienboschi.com\/photographe-professionnel\/wp-content\/uploads\/2014\/03\/Damien-Boschi-IMG_4796.jpg?resize=344%2C229 344w, https:\/\/i0.wp.com\/damienboschi.com\/photographe-professionnel\/wp-content\/uploads\/2014\/03\/Damien-Boschi-IMG_4796.jpg?resize=283%2C188 283w, https:\/\/i0.wp.com\/damienboschi.com\/photographe-professionnel\/wp-content\/uploads\/2014\/03\/Damien-Boschi-IMG_4796.jpg?resize=685%2C456 685w\" sizes=\"auto, (max-width: 540px) 100vw, 540px\" \/><\/a><p class=\"wp-caption-text\">ARCHITECTURE \/ DESIGN<\/p><\/div>\n<\/div>\n<\/div><\/div><div id=\"panel-97-1-0-1\" class=\"so-panel widget widget_sow-editor\" data-index=\"2\" ><div\n\t\t\t\n\t\t\tclass=\"so-widget-sow-editor so-widget-sow-editor-base\"\n\t\t\t\n\t\t>\n<div class=\"siteorigin-widget-tinymce textwidget\">\n\t<div id=\"attachment_144\" class=\"wp-caption aligncenter\" style=\"width: 540px\"><a href=\"http:\/\/damienboschi.com\/photographe-professionnel\/aix-marseille-avignon-provence\/photographe-entreprise-corporate-institutionnel\/\"><img data-recalc-dims=\"1\" loading=\"lazy\" decoding=\"async\" class=\"wp-image-144\" src=\"https:\/\/i0.wp.com\/damienboschi.com\/photographe-professionnel\/wp-content\/uploads\/2014\/03\/Damien-Boschi-IMG_8153.jpg?resize=540%2C360\" alt=\"\" width=\"540\" height=\"360\" \/><\/a><p class=\"wp-caption-text\">CORPORATE<\/p><\/div>\n<\/div>\n<\/div><\/div><div id=\"panel-97-1-0-2\" class=\"so-panel widget widget_sow-editor panel-last-child\" data-index=\"3\" ><div\n\t\t\t\n\t\t\tclass=\"so-widget-sow-editor so-widget-sow-editor-base\"\n\t\t\t\n\t\t>\n<div class=\"siteorigin-widget-tinymce textwidget\">\n\t<div id=\"attachment_134\" class=\"wp-caption aligncenter\" style=\"width: 540px\"><a href=\"http:\/\/damienboschi.com\/photographe-professionnel\/aix-marseille-avignon-provence\/photographe-illustration-tourisme\/\"><img data-attachment-id=\"134\" data-permalink=\"http:\/\/damienboschi.com\/photographe-professionnel\/portfolio\/tourisme\/damien-boschi-5d3_3452\/\" data-orig-file=\"https:\/\/i0.wp.com\/damienboschi.com\/photographe-professionnel\/wp-content\/uploads\/2014\/03\/Damien-Boschi-5D3_3452.jpg?fit=750%2C500\" data-orig-size=\"750,500\" data-comments-opened=\"0\" data-image-meta=\"{&quot;aperture&quot;:&quot;0&quot;,&quot;credit&quot;:&quot;&quot;,&quot;camera&quot;:&quot;&quot;,&quot;caption&quot;:&quot;&quot;,&quot;created_timestamp&quot;:&quot;0&quot;,&quot;copyright&quot;:&quot;www.damienboschi.net&quot;,&quot;focal_length&quot;:&quot;0&quot;,&quot;iso&quot;:&quot;0&quot;,&quot;shutter_speed&quot;:&quot;0&quot;,&quot;title&quot;:&quot;&quot;}\" data-image-title=\"Damien-Boschi-5D3_3452\" data-image-description=\"\" data-image-caption=\"\" data-medium-file=\"https:\/\/i0.wp.com\/damienboschi.com\/photographe-professionnel\/wp-content\/uploads\/2014\/03\/Damien-Boschi-5D3_3452.jpg?fit=300%2C200\" data-large-file=\"https:\/\/i0.wp.com\/damienboschi.com\/photographe-professionnel\/wp-content\/uploads\/2014\/03\/Damien-Boschi-5D3_3452.jpg?fit=750%2C500\" data-recalc-dims=\"1\" loading=\"lazy\" decoding=\"async\" class=\"wp-image-134\" src=\"https:\/\/i0.wp.com\/damienboschi.com\/photographe-professionnel\/wp-content\/uploads\/2014\/03\/Damien-Boschi-5D3_3452.jpg?resize=540%2C360\" alt=\"Damien-Boschi-5D3_3452\" width=\"540\" height=\"360\" srcset=\"https:\/\/i0.wp.com\/damienboschi.com\/photographe-professionnel\/wp-content\/uploads\/2014\/03\/Damien-Boschi-5D3_3452.jpg?w=750 750w, https:\/\/i0.wp.com\/damienboschi.com\/photographe-professionnel\/wp-content\/uploads\/2014\/03\/Damien-Boschi-5D3_3452.jpg?resize=300%2C200 300w, https:\/\/i0.wp.com\/damienboschi.com\/photographe-professionnel\/wp-content\/uploads\/2014\/03\/Damien-Boschi-5D3_3452.jpg?resize=255%2C170 255w, https:\/\/i0.wp.com\/damienboschi.com\/photographe-professionnel\/wp-content\/uploads\/2014\/03\/Damien-Boschi-5D3_3452.jpg?resize=167%2C111 167w, https:\/\/i0.wp.com\/damienboschi.com\/photographe-professionnel\/wp-content\/uploads\/2014\/03\/Damien-Boschi-5D3_3452.jpg?resize=344%2C229 344w, https:\/\/i0.wp.com\/damienboschi.com\/photographe-professionnel\/wp-content\/uploads\/2014\/03\/Damien-Boschi-5D3_3452.jpg?resize=283%2C188 283w, https:\/\/i0.wp.com\/damienboschi.com\/photographe-professionnel\/wp-content\/uploads\/2014\/03\/Damien-Boschi-5D3_3452.jpg?resize=685%2C456 685w\" sizes=\"auto, (max-width: 540px) 100vw, 540px\" \/><\/a><p class=\"wp-caption-text\">ILLUSTRATION \/ TOURISME<\/p><\/div>\n<\/div>\n<\/div><\/div><\/div><div id=\"pgc-97-1-1\"  class=\"panel-grid-cell\" ><div id=\"panel-97-1-1-0\" class=\"so-panel widget widget_sow-editor panel-first-child\" data-index=\"4\" ><div\n\t\t\t\n\t\t\tclass=\"so-widget-sow-editor so-widget-sow-editor-base\"\n\t\t\t\n\t\t>\n<div class=\"siteorigin-widget-tinymce textwidget\">\n\t<div id=\"attachment_329\" class=\"wp-caption aligncenter\" style=\"width: 540px\"><a href=\"http:\/\/damienboschi.com\/photographe-professionnel\/aix-marseille-avignon-provence\/photographe-evenementiel\/\"><img data-attachment-id=\"329\" data-permalink=\"http:\/\/damienboschi.com\/photographe-professionnel\/aix-marseille-avignon-provence\/damien-boschi-img_3211-2\/\" data-orig-file=\"https:\/\/i0.wp.com\/damienboschi.com\/photographe-professionnel\/wp-content\/uploads\/2014\/03\/Damien-Boschi-IMG_32111.jpg?fit=750%2C500\" data-orig-size=\"750,500\" data-comments-opened=\"0\" data-image-meta=\"{&quot;aperture&quot;:&quot;0&quot;,&quot;credit&quot;:&quot;&quot;,&quot;camera&quot;:&quot;&quot;,&quot;caption&quot;:&quot;&quot;,&quot;created_timestamp&quot;:&quot;0&quot;,&quot;copyright&quot;:&quot;&quot;,&quot;focal_length&quot;:&quot;0&quot;,&quot;iso&quot;:&quot;0&quot;,&quot;shutter_speed&quot;:&quot;0&quot;,&quot;title&quot;:&quot;&quot;}\" data-image-title=\"Damien-Boschi-IMG_3211\" data-image-description=\"\" data-image-caption=\"\" data-medium-file=\"https:\/\/i0.wp.com\/damienboschi.com\/photographe-professionnel\/wp-content\/uploads\/2014\/03\/Damien-Boschi-IMG_32111.jpg?fit=300%2C200\" data-large-file=\"https:\/\/i0.wp.com\/damienboschi.com\/photographe-professionnel\/wp-content\/uploads\/2014\/03\/Damien-Boschi-IMG_32111.jpg?fit=750%2C500\" data-recalc-dims=\"1\" loading=\"lazy\" decoding=\"async\" class=\"wp-image-329\" src=\"https:\/\/i0.wp.com\/damienboschi.com\/photographe-professionnel\/wp-content\/uploads\/2014\/03\/Damien-Boschi-IMG_32111.jpg?resize=540%2C360\" alt=\"\" width=\"540\" height=\"360\" srcset=\"https:\/\/i0.wp.com\/damienboschi.com\/photographe-professionnel\/wp-content\/uploads\/2014\/03\/Damien-Boschi-IMG_32111.jpg?w=750 750w, https:\/\/i0.wp.com\/damienboschi.com\/photographe-professionnel\/wp-content\/uploads\/2014\/03\/Damien-Boschi-IMG_32111.jpg?resize=300%2C200 300w, https:\/\/i0.wp.com\/damienboschi.com\/photographe-professionnel\/wp-content\/uploads\/2014\/03\/Damien-Boschi-IMG_32111.jpg?resize=255%2C170 255w, https:\/\/i0.wp.com\/damienboschi.com\/photographe-professionnel\/wp-content\/uploads\/2014\/03\/Damien-Boschi-IMG_32111.jpg?resize=167%2C111 167w, https:\/\/i0.wp.com\/damienboschi.com\/photographe-professionnel\/wp-content\/uploads\/2014\/03\/Damien-Boschi-IMG_32111.jpg?resize=344%2C229 344w, https:\/\/i0.wp.com\/damienboschi.com\/photographe-professionnel\/wp-content\/uploads\/2014\/03\/Damien-Boschi-IMG_32111.jpg?resize=283%2C188 283w, https:\/\/i0.wp.com\/damienboschi.com\/photographe-professionnel\/wp-content\/uploads\/2014\/03\/Damien-Boschi-IMG_32111.jpg?resize=685%2C456 685w\" sizes=\"auto, (max-width: 540px) 100vw, 540px\" \/><\/a><p class=\"wp-caption-text\">EVENEMENTIEL<\/p><\/div>\n<\/div>\n<\/div><\/div><div id=\"panel-97-1-1-1\" class=\"so-panel widget widget_sow-editor panel-last-child\" data-index=\"5\" ><div\n\t\t\t\n\t\t\tclass=\"so-widget-sow-editor so-widget-sow-editor-base\"\n\t\t\t\n\t\t>\n<div class=\"siteorigin-widget-tinymce textwidget\">\n\t<div id=\"attachment_1701\" class=\"wp-caption aligncenter\" style=\"width: 540px\"><a href=\"http:\/\/damienboschi.com\/photographe-professionnel\/aix-marseille-avignon-provence\/photographe-de-mode-lingerie-maillot-de-bain-ecommerce-look-book-catalogue-campagne-publicitaire\/\"><img data-attachment-id=\"1701\" data-permalink=\"http:\/\/damienboschi.com\/photographe-professionnel\/aix-marseille-avignon-provence\/photographe-de-mode-lingerie-maillot-de-bain-ecommerce-look-book-catalogue-campagne-publicitaire\/damienboschi-photographe-mode-07\/\" data-orig-file=\"https:\/\/i0.wp.com\/damienboschi.com\/photographe-professionnel\/wp-content\/uploads\/2015\/04\/damienboschi-photographe-mode-07.jpg?fit=960%2C640\" data-orig-size=\"960,640\" data-comments-opened=\"0\" data-image-meta=\"{&quot;aperture&quot;:&quot;0&quot;,&quot;credit&quot;:&quot;&quot;,&quot;camera&quot;:&quot;&quot;,&quot;caption&quot;:&quot;&quot;,&quot;created_timestamp&quot;:&quot;0&quot;,&quot;copyright&quot;:&quot;&quot;,&quot;focal_length&quot;:&quot;0&quot;,&quot;iso&quot;:&quot;0&quot;,&quot;shutter_speed&quot;:&quot;0&quot;,&quot;title&quot;:&quot;&quot;,&quot;orientation&quot;:&quot;0&quot;}\" data-image-title=\"damienboschi-photographe-mode-07\" data-image-description=\"\" data-image-caption=\"\" data-medium-file=\"https:\/\/i0.wp.com\/damienboschi.com\/photographe-professionnel\/wp-content\/uploads\/2015\/04\/damienboschi-photographe-mode-07.jpg?fit=300%2C200\" data-large-file=\"https:\/\/i0.wp.com\/damienboschi.com\/photographe-professionnel\/wp-content\/uploads\/2015\/04\/damienboschi-photographe-mode-07.jpg?fit=750%2C500\" data-recalc-dims=\"1\" loading=\"lazy\" decoding=\"async\" class=\"wp-image-1701\" src=\"https:\/\/i0.wp.com\/damienboschi.com\/photographe-professionnel\/wp-content\/uploads\/2015\/04\/damienboschi-photographe-mode-07.jpg?resize=540%2C360\" alt=\"\" width=\"540\" height=\"360\" srcset=\"https:\/\/i0.wp.com\/damienboschi.com\/photographe-professionnel\/wp-content\/uploads\/2015\/04\/damienboschi-photographe-mode-07.jpg?resize=750%2C500 750w, https:\/\/i0.wp.com\/damienboschi.com\/photographe-professionnel\/wp-content\/uploads\/2015\/04\/damienboschi-photographe-mode-07.jpg?resize=300%2C200 300w, https:\/\/i0.wp.com\/damienboschi.com\/photographe-professionnel\/wp-content\/uploads\/2015\/04\/damienboschi-photographe-mode-07.jpg?resize=255%2C170 255w, https:\/\/i0.wp.com\/damienboschi.com\/photographe-professionnel\/wp-content\/uploads\/2015\/04\/damienboschi-photographe-mode-07.jpg?resize=167%2C111 167w, https:\/\/i0.wp.com\/damienboschi.com\/photographe-professionnel\/wp-content\/uploads\/2015\/04\/damienboschi-photographe-mode-07.jpg?resize=344%2C229 344w, https:\/\/i0.wp.com\/damienboschi.com\/photographe-professionnel\/wp-content\/uploads\/2015\/04\/damienboschi-photographe-mode-07.jpg?resize=283%2C189 283w, https:\/\/i0.wp.com\/damienboschi.com\/photographe-professionnel\/wp-content\/uploads\/2015\/04\/damienboschi-photographe-mode-07.jpg?resize=685%2C457 685w, https:\/\/i0.wp.com\/damienboschi.com\/photographe-professionnel\/wp-content\/uploads\/2015\/04\/damienboschi-photographe-mode-07.jpg?w=960 960w\" sizes=\"auto, (max-width: 540px) 100vw, 540px\" \/><\/a><p class=\"wp-caption-text\">MODE<\/p><\/div>\n<\/div>\n<\/div><\/div><\/div><\/div><div id=\"pg-97-2\"  class=\"panel-grid panel-no-style\" ><div id=\"pgc-97-2-0\"  class=\"panel-grid-cell\" ><div id=\"panel-97-2-0-0\" class=\"so-panel widget widget_sow-editor panel-first-child panel-last-child\" data-index=\"6\" ><div\n\t\t\t\n\t\t\tclass=\"so-widget-sow-editor so-widget-sow-editor-base\"\n\t\t\t\n\t\t>\n<div class=\"siteorigin-widget-tinymce textwidget\">\n\t<hr \/>\n<p style=\\\"text-align: center;\\\"><b>N\\'H\u00c9SITEZ PAS A DEMANDER UN <\/b><a href=\"http:\/\/damienboschi.com\/photographe-professionnel\" class=\"su-button su-button-style-default\" style=\"color:#FFFFFF;background-color:#2D89EF;border-color:#246ec0;border-radius:5px\" target=\"_self\"><span style=\"color:#FFFFFF;padding:0px 16px;font-size:13px;line-height:26px;border-color:#6cadf4;border-radius:5px;text-shadow:none\"> DEVIS GRATUIT<\/span><\/a><\/p>\n<\/div>\n<\/div><\/div><\/div><\/div><\/div>","protected":false},"excerpt":{"rendered":"<p>PHOTOGRAPHIES POUR LES PME, INDUSTRIES, COLLECTIVIT\u00c9S ET ASSOCIATIONS Pour voir mes r\u00e9alisations, merci de cliquer sur un des th\u00e8mes suivants:<\/p>\n","protected":false},"author":1,"featured_media":339,"parent":0,"menu_order":0,"comment_status":"closed","ping_status":"closed","template":"page-full-width.php","meta":{"footnotes":""},"class_list":["post-97","page","type-page","status-publish","has-post-thumbnail","hentry"],"jetpack_shortlink":"https:\/\/wp.me\/P4pUQh-1z","jetpack_sharing_enabled":false,"jetpack-related-posts":[],"_links":{"self":[{"href":"http:\/\/damienboschi.com\/photographe-professionnel\/wp-json\/wp\/v2\/pages\/97","targetHints":{"allow":["GET"]}}],"collection":[{"href":"http:\/\/damienboschi.com\/photographe-professionnel\/wp-json\/wp\/v2\/pages"}],"about":[{"href":"http:\/\/damienboschi.com\/photographe-professionnel\/wp-json\/wp\/v2\/types\/page"}],"author":[{"embeddable":true,"href":"http:\/\/damienboschi.com\/photographe-professionnel\/wp-json\/wp\/v2\/users\/1"}],"replies":[{"embeddable":true,"href":"http:\/\/damienboschi.com\/photographe-professionnel\/wp-json\/wp\/v2\/comments?post=97"}],"version-history":[{"count":4,"href":"http:\/\/damienboschi.com\/photographe-professionnel\/wp-json\/wp\/v2\/pages\/97\/revisions"}],"predecessor-version":[{"id":3556,"href":"http:\/\/damienboschi.com\/photographe-professionnel\/wp-json\/wp\/v2\/pages\/97\/revisions\/3556"}],"wp:featuredmedia":[{"embeddable":true,"href":"http:\/\/damienboschi.com\/photographe-professionnel\/wp-json\/wp\/v2\/media\/339"}],"wp:attachment":[{"href":"http:\/\/damienboschi.com\/photographe-professionnel\/wp-json\/wp\/v2\/media?parent=97"}],"curies":[{"name":"wp","href":"https:\/\/api.w.org\/{rel}","templated":true}]}}