{"id":67,"date":"2014-03-02T18:46:37","date_gmt":"2014-03-02T17:46:37","guid":{"rendered":"http:\/\/damienboschi.com\/pro\/?page_id=67"},"modified":"2022-06-17T18:13:43","modified_gmt":"2022-06-17T16:13:43","slug":"prestations","status":"publish","type":"page","link":"http:\/\/damienboschi.com\/photographe-professionnel\/infos\/prestations\/","title":{"rendered":"PRESTATIONS"},"content":{"rendered":"<div id=\"pl-67\"  class=\"panel-layout\" ><div id=\"pg-67-0\"  class=\"panel-grid panel-no-style\" ><div id=\"pgc-67-0-0\"  class=\"panel-grid-cell\" ><div id=\"panel-67-0-0-0\" class=\"so-panel widget widget_sow-editor panel-first-child panel-last-child\" data-index=\"0\" ><div\n\t\t\t\n\t\t\tclass=\"so-widget-sow-editor so-widget-sow-editor-base\"\n\t\t\t\n\t\t>\n<div class=\"siteorigin-widget-tinymce textwidget\">\n\t<p style=\"text-align: right;\"><strong>Prestations<\/strong>\u00a0&gt;\u00a0<a title=\"ACCUEIL\" href=\"http:\/\/damienboschi.com\/pro\/accueil\/\">Accueil<\/a><\/p>\n<h4>PRESTATIONS:<\/h4>\n<hr \/>\n<h6 style=\"text-align: justify;\"><b>Vous souhaitez vous <span style=\"color: #bd0000;\">d\u00e9marquer<\/span>, avoir une <span style=\"color: #bd0000;\">identit\u00e9 visuelle unique<\/span>, personnalis\u00e9e et de qualit\u00e9. Pour vos besoins d'<span style=\"color: #bd0000;\">images produits<\/span>, \u00a0de reportages <span style=\"color: #bd0000;\">institutionnels<\/span> ou <span style=\"color: #bd0000;\">\u00e9v\u00e9nementiels<\/span>,\u00a0je vous propose mon <span style=\"color: #bd0000;\">exp\u00e9rience<\/span> et mes <span style=\"color: #bd0000;\">services<\/span> de photographe professionnel principalement\u00a0sur les villes de <span style=\"color: #bd0000;\">Marseille<\/span>, Aix-en-Provence, Avignon, Toulon et Paris.<\/b><\/h6>\n<\/div>\n<\/div><\/div><\/div><\/div><div id=\"pg-67-1\"  class=\"panel-grid panel-no-style\" ><div id=\"pgc-67-1-0\"  class=\"panel-grid-cell\" ><div id=\"panel-67-1-0-0\" class=\"so-panel widget widget_sow-editor panel-first-child\" data-index=\"1\" ><div\n\t\t\t\n\t\t\tclass=\"so-widget-sow-editor so-widget-sow-editor-base\"\n\t\t\t\n\t\t>\n<div class=\"siteorigin-widget-tinymce textwidget\">\n\t<div id=\"attachment_103\" class=\"wp-caption aligncenter\" style=\"width: 540px\"><a href=\"http:\/\/damienboschi.com\/pro\/provence-marseille\/photographe-architecture-design\/\"><img data-attachment-id=\"103\" data-permalink=\"http:\/\/damienboschi.com\/photographe-professionnel\/portfolio\/architecture-design\/damien-boschi-img_4796\/\" data-orig-file=\"https:\/\/i0.wp.com\/damienboschi.com\/photographe-professionnel\/wp-content\/uploads\/2014\/03\/Damien-Boschi-IMG_4796.jpg?fit=750%2C500\" data-orig-size=\"750,500\" data-comments-opened=\"0\" data-image-meta=\"{&quot;aperture&quot;:&quot;0&quot;,&quot;credit&quot;:&quot;&quot;,&quot;camera&quot;:&quot;&quot;,&quot;caption&quot;:&quot;&quot;,&quot;created_timestamp&quot;:&quot;0&quot;,&quot;copyright&quot;:&quot;&quot;,&quot;focal_length&quot;:&quot;0&quot;,&quot;iso&quot;:&quot;0&quot;,&quot;shutter_speed&quot;:&quot;0&quot;,&quot;title&quot;:&quot;&quot;}\" data-image-title=\"Damien-Boschi-IMG_4796\" data-image-description=\"\" data-image-caption=\"\" data-medium-file=\"https:\/\/i0.wp.com\/damienboschi.com\/photographe-professionnel\/wp-content\/uploads\/2014\/03\/Damien-Boschi-IMG_4796.jpg?fit=300%2C200\" data-large-file=\"https:\/\/i0.wp.com\/damienboschi.com\/photographe-professionnel\/wp-content\/uploads\/2014\/03\/Damien-Boschi-IMG_4796.jpg?fit=750%2C500\" data-recalc-dims=\"1\" loading=\"lazy\" decoding=\"async\" class=\"wp-image-103\" src=\"https:\/\/i0.wp.com\/damienboschi.com\/photographe-professionnel\/wp-content\/uploads\/2014\/03\/Damien-Boschi-IMG_4796.jpg?resize=540%2C360\" alt=\"\" width=\"540\" height=\"360\" srcset=\"https:\/\/i0.wp.com\/damienboschi.com\/photographe-professionnel\/wp-content\/uploads\/2014\/03\/Damien-Boschi-IMG_4796.jpg?w=750 750w, https:\/\/i0.wp.com\/damienboschi.com\/photographe-professionnel\/wp-content\/uploads\/2014\/03\/Damien-Boschi-IMG_4796.jpg?resize=300%2C200 300w, https:\/\/i0.wp.com\/damienboschi.com\/photographe-professionnel\/wp-content\/uploads\/2014\/03\/Damien-Boschi-IMG_4796.jpg?resize=255%2C170 255w, https:\/\/i0.wp.com\/damienboschi.com\/photographe-professionnel\/wp-content\/uploads\/2014\/03\/Damien-Boschi-IMG_4796.jpg?resize=167%2C111 167w, https:\/\/i0.wp.com\/damienboschi.com\/photographe-professionnel\/wp-content\/uploads\/2014\/03\/Damien-Boschi-IMG_4796.jpg?resize=344%2C229 344w, https:\/\/i0.wp.com\/damienboschi.com\/photographe-professionnel\/wp-content\/uploads\/2014\/03\/Damien-Boschi-IMG_4796.jpg?resize=283%2C188 283w, https:\/\/i0.wp.com\/damienboschi.com\/photographe-professionnel\/wp-content\/uploads\/2014\/03\/Damien-Boschi-IMG_4796.jpg?resize=685%2C456 685w\" sizes=\"auto, (max-width: 540px) 100vw, 540px\" \/><\/a><p class=\"wp-caption-text\">ARCHITECTURE \/ DESIGN<\/p><\/div>\n<\/div>\n<\/div><\/div><div id=\"panel-67-1-0-1\" class=\"so-panel widget widget_sow-editor\" data-index=\"2\" ><div\n\t\t\t\n\t\t\tclass=\"so-widget-sow-editor so-widget-sow-editor-base\"\n\t\t\t\n\t\t>\n<div class=\"siteorigin-widget-tinymce textwidget\">\n\t<div id=\"attachment_144\" class=\"wp-caption aligncenter\" style=\"width: 540px\"><a href=\"http:\/\/damienboschi.com\/pro\/provence-marseille\/photographe-corporate-institutionnel\/\"><img data-recalc-dims=\"1\" loading=\"lazy\" decoding=\"async\" class=\"wp-image-144\" src=\"https:\/\/i0.wp.com\/damienboschi.com\/photographe-professionnel\/wp-content\/uploads\/2014\/03\/Damien-Boschi-IMG_8153.jpg?resize=540%2C360\" alt=\"\" width=\"540\" height=\"360\" \/><\/a><p class=\"wp-caption-text\">CORPORATE<\/p><\/div>\n<\/div>\n<\/div><\/div><div id=\"panel-67-1-0-2\" class=\"so-panel widget widget_sow-editor panel-last-child\" data-index=\"3\" ><div\n\t\t\t\n\t\t\tclass=\"so-widget-sow-editor so-widget-sow-editor-base\"\n\t\t\t\n\t\t>\n<div class=\"siteorigin-widget-tinymce textwidget\">\n\t<div id=\"attachment_134\" class=\"wp-caption aligncenter\" style=\"width: 540px\"><a href=\"http:\/\/damienboschi.com\/pro\/provence-marseille\/photographe-illustration-tourisme\/\"><img data-attachment-id=\"134\" data-permalink=\"http:\/\/damienboschi.com\/photographe-professionnel\/portfolio\/tourisme\/damien-boschi-5d3_3452\/\" data-orig-file=\"https:\/\/i0.wp.com\/damienboschi.com\/photographe-professionnel\/wp-content\/uploads\/2014\/03\/Damien-Boschi-5D3_3452.jpg?fit=750%2C500\" data-orig-size=\"750,500\" data-comments-opened=\"0\" data-image-meta=\"{&quot;aperture&quot;:&quot;0&quot;,&quot;credit&quot;:&quot;&quot;,&quot;camera&quot;:&quot;&quot;,&quot;caption&quot;:&quot;&quot;,&quot;created_timestamp&quot;:&quot;0&quot;,&quot;copyright&quot;:&quot;www.damienboschi.net&quot;,&quot;focal_length&quot;:&quot;0&quot;,&quot;iso&quot;:&quot;0&quot;,&quot;shutter_speed&quot;:&quot;0&quot;,&quot;title&quot;:&quot;&quot;}\" data-image-title=\"Damien-Boschi-5D3_3452\" data-image-description=\"\" data-image-caption=\"\" data-medium-file=\"https:\/\/i0.wp.com\/damienboschi.com\/photographe-professionnel\/wp-content\/uploads\/2014\/03\/Damien-Boschi-5D3_3452.jpg?fit=300%2C200\" data-large-file=\"https:\/\/i0.wp.com\/damienboschi.com\/photographe-professionnel\/wp-content\/uploads\/2014\/03\/Damien-Boschi-5D3_3452.jpg?fit=750%2C500\" data-recalc-dims=\"1\" loading=\"lazy\" decoding=\"async\" class=\"wp-image-134\" src=\"https:\/\/i0.wp.com\/damienboschi.com\/photographe-professionnel\/wp-content\/uploads\/2014\/03\/Damien-Boschi-5D3_3452.jpg?resize=540%2C360\" alt=\"Damien-Boschi-5D3_3452\" width=\"540\" height=\"360\" srcset=\"https:\/\/i0.wp.com\/damienboschi.com\/photographe-professionnel\/wp-content\/uploads\/2014\/03\/Damien-Boschi-5D3_3452.jpg?w=750 750w, https:\/\/i0.wp.com\/damienboschi.com\/photographe-professionnel\/wp-content\/uploads\/2014\/03\/Damien-Boschi-5D3_3452.jpg?resize=300%2C200 300w, https:\/\/i0.wp.com\/damienboschi.com\/photographe-professionnel\/wp-content\/uploads\/2014\/03\/Damien-Boschi-5D3_3452.jpg?resize=255%2C170 255w, https:\/\/i0.wp.com\/damienboschi.com\/photographe-professionnel\/wp-content\/uploads\/2014\/03\/Damien-Boschi-5D3_3452.jpg?resize=167%2C111 167w, https:\/\/i0.wp.com\/damienboschi.com\/photographe-professionnel\/wp-content\/uploads\/2014\/03\/Damien-Boschi-5D3_3452.jpg?resize=344%2C229 344w, https:\/\/i0.wp.com\/damienboschi.com\/photographe-professionnel\/wp-content\/uploads\/2014\/03\/Damien-Boschi-5D3_3452.jpg?resize=283%2C188 283w, https:\/\/i0.wp.com\/damienboschi.com\/photographe-professionnel\/wp-content\/uploads\/2014\/03\/Damien-Boschi-5D3_3452.jpg?resize=685%2C456 685w\" sizes=\"auto, (max-width: 540px) 100vw, 540px\" \/><\/a><p class=\"wp-caption-text\">ILLUSTRATION \/ TOURISME<\/p><\/div>\n<\/div>\n<\/div><\/div><\/div><div id=\"pgc-67-1-1\"  class=\"panel-grid-cell\" ><div id=\"panel-67-1-1-0\" class=\"so-panel widget widget_sow-editor panel-first-child\" data-index=\"4\" ><div\n\t\t\t\n\t\t\tclass=\"so-widget-sow-editor so-widget-sow-editor-base\"\n\t\t\t\n\t\t>\n<div class=\"siteorigin-widget-tinymce textwidget\">\n\t<div id=\"attachment_329\" class=\"wp-caption aligncenter\" style=\"width: 540px\"><a href=\"http:\/\/damienboschi.com\/pro\/provence-marseille\/photographe-evenementiel\/\"><img data-attachment-id=\"329\" data-permalink=\"http:\/\/damienboschi.com\/photographe-professionnel\/aix-marseille-avignon-provence\/damien-boschi-img_3211-2\/\" data-orig-file=\"https:\/\/i0.wp.com\/damienboschi.com\/photographe-professionnel\/wp-content\/uploads\/2014\/03\/Damien-Boschi-IMG_32111.jpg?fit=750%2C500\" data-orig-size=\"750,500\" data-comments-opened=\"0\" data-image-meta=\"{&quot;aperture&quot;:&quot;0&quot;,&quot;credit&quot;:&quot;&quot;,&quot;camera&quot;:&quot;&quot;,&quot;caption&quot;:&quot;&quot;,&quot;created_timestamp&quot;:&quot;0&quot;,&quot;copyright&quot;:&quot;&quot;,&quot;focal_length&quot;:&quot;0&quot;,&quot;iso&quot;:&quot;0&quot;,&quot;shutter_speed&quot;:&quot;0&quot;,&quot;title&quot;:&quot;&quot;}\" data-image-title=\"Damien-Boschi-IMG_3211\" data-image-description=\"\" data-image-caption=\"\" data-medium-file=\"https:\/\/i0.wp.com\/damienboschi.com\/photographe-professionnel\/wp-content\/uploads\/2014\/03\/Damien-Boschi-IMG_32111.jpg?fit=300%2C200\" data-large-file=\"https:\/\/i0.wp.com\/damienboschi.com\/photographe-professionnel\/wp-content\/uploads\/2014\/03\/Damien-Boschi-IMG_32111.jpg?fit=750%2C500\" data-recalc-dims=\"1\" loading=\"lazy\" decoding=\"async\" class=\"wp-image-329\" src=\"https:\/\/i0.wp.com\/damienboschi.com\/photographe-professionnel\/wp-content\/uploads\/2014\/03\/Damien-Boschi-IMG_32111.jpg?resize=540%2C360\" alt=\"\" width=\"540\" height=\"360\" srcset=\"https:\/\/i0.wp.com\/damienboschi.com\/photographe-professionnel\/wp-content\/uploads\/2014\/03\/Damien-Boschi-IMG_32111.jpg?w=750 750w, https:\/\/i0.wp.com\/damienboschi.com\/photographe-professionnel\/wp-content\/uploads\/2014\/03\/Damien-Boschi-IMG_32111.jpg?resize=300%2C200 300w, https:\/\/i0.wp.com\/damienboschi.com\/photographe-professionnel\/wp-content\/uploads\/2014\/03\/Damien-Boschi-IMG_32111.jpg?resize=255%2C170 255w, https:\/\/i0.wp.com\/damienboschi.com\/photographe-professionnel\/wp-content\/uploads\/2014\/03\/Damien-Boschi-IMG_32111.jpg?resize=167%2C111 167w, https:\/\/i0.wp.com\/damienboschi.com\/photographe-professionnel\/wp-content\/uploads\/2014\/03\/Damien-Boschi-IMG_32111.jpg?resize=344%2C229 344w, https:\/\/i0.wp.com\/damienboschi.com\/photographe-professionnel\/wp-content\/uploads\/2014\/03\/Damien-Boschi-IMG_32111.jpg?resize=283%2C188 283w, https:\/\/i0.wp.com\/damienboschi.com\/photographe-professionnel\/wp-content\/uploads\/2014\/03\/Damien-Boschi-IMG_32111.jpg?resize=685%2C456 685w\" sizes=\"auto, (max-width: 540px) 100vw, 540px\" \/><\/a><p class=\"wp-caption-text\">EVENEMENTIEL<\/p><\/div>\n<\/div>\n<\/div><\/div><div id=\"panel-67-1-1-1\" class=\"so-panel widget widget_sow-editor\" data-index=\"5\" ><div\n\t\t\t\n\t\t\tclass=\"so-widget-sow-editor so-widget-sow-editor-base\"\n\t\t\t\n\t\t>\n<div class=\"siteorigin-widget-tinymce textwidget\">\n\t<div id=\"attachment_1701\" class=\"wp-caption aligncenter\" style=\"width: 540px\"><a href=\"http:\/\/damienboschi.com\/pro\/provence-marseille\/photographe-de-mode-look-book-campagne-publicitaire\/\"><img data-attachment-id=\"1701\" data-permalink=\"http:\/\/damienboschi.com\/photographe-professionnel\/aix-marseille-avignon-provence\/photographe-de-mode-lingerie-maillot-de-bain-ecommerce-look-book-catalogue-campagne-publicitaire\/damienboschi-photographe-mode-07\/\" data-orig-file=\"https:\/\/i0.wp.com\/damienboschi.com\/photographe-professionnel\/wp-content\/uploads\/2015\/04\/damienboschi-photographe-mode-07.jpg?fit=960%2C640\" data-orig-size=\"960,640\" data-comments-opened=\"0\" data-image-meta=\"{&quot;aperture&quot;:&quot;0&quot;,&quot;credit&quot;:&quot;&quot;,&quot;camera&quot;:&quot;&quot;,&quot;caption&quot;:&quot;&quot;,&quot;created_timestamp&quot;:&quot;0&quot;,&quot;copyright&quot;:&quot;&quot;,&quot;focal_length&quot;:&quot;0&quot;,&quot;iso&quot;:&quot;0&quot;,&quot;shutter_speed&quot;:&quot;0&quot;,&quot;title&quot;:&quot;&quot;,&quot;orientation&quot;:&quot;0&quot;}\" data-image-title=\"damienboschi-photographe-mode-07\" data-image-description=\"\" data-image-caption=\"\" data-medium-file=\"https:\/\/i0.wp.com\/damienboschi.com\/photographe-professionnel\/wp-content\/uploads\/2015\/04\/damienboschi-photographe-mode-07.jpg?fit=300%2C200\" data-large-file=\"https:\/\/i0.wp.com\/damienboschi.com\/photographe-professionnel\/wp-content\/uploads\/2015\/04\/damienboschi-photographe-mode-07.jpg?fit=750%2C500\" data-recalc-dims=\"1\" loading=\"lazy\" decoding=\"async\" class=\"wp-image-1701\" src=\"https:\/\/i0.wp.com\/damienboschi.com\/photographe-professionnel\/wp-content\/uploads\/2015\/04\/damienboschi-photographe-mode-07.jpg?resize=540%2C360\" alt=\"\" width=\"540\" height=\"360\" srcset=\"https:\/\/i0.wp.com\/damienboschi.com\/photographe-professionnel\/wp-content\/uploads\/2015\/04\/damienboschi-photographe-mode-07.jpg?resize=750%2C500 750w, https:\/\/i0.wp.com\/damienboschi.com\/photographe-professionnel\/wp-content\/uploads\/2015\/04\/damienboschi-photographe-mode-07.jpg?resize=300%2C200 300w, https:\/\/i0.wp.com\/damienboschi.com\/photographe-professionnel\/wp-content\/uploads\/2015\/04\/damienboschi-photographe-mode-07.jpg?resize=255%2C170 255w, https:\/\/i0.wp.com\/damienboschi.com\/photographe-professionnel\/wp-content\/uploads\/2015\/04\/damienboschi-photographe-mode-07.jpg?resize=167%2C111 167w, https:\/\/i0.wp.com\/damienboschi.com\/photographe-professionnel\/wp-content\/uploads\/2015\/04\/damienboschi-photographe-mode-07.jpg?resize=344%2C229 344w, https:\/\/i0.wp.com\/damienboschi.com\/photographe-professionnel\/wp-content\/uploads\/2015\/04\/damienboschi-photographe-mode-07.jpg?resize=283%2C189 283w, https:\/\/i0.wp.com\/damienboschi.com\/photographe-professionnel\/wp-content\/uploads\/2015\/04\/damienboschi-photographe-mode-07.jpg?resize=685%2C457 685w, https:\/\/i0.wp.com\/damienboschi.com\/photographe-professionnel\/wp-content\/uploads\/2015\/04\/damienboschi-photographe-mode-07.jpg?w=960 960w\" sizes=\"auto, (max-width: 540px) 100vw, 540px\" \/><\/a><p class=\"wp-caption-text\">MODE<\/p><\/div>\n<\/div>\n<\/div><\/div><div id=\"panel-67-1-1-2\" class=\"so-panel widget widget_sow-editor panel-last-child\" data-index=\"6\" ><div\n\t\t\t\n\t\t\tclass=\"so-widget-sow-editor so-widget-sow-editor-base\"\n\t\t\t\n\t\t>\n<div class=\"siteorigin-widget-tinymce textwidget\">\n\t<div id=\"attachment_2198\" class=\"wp-caption aligncenter\" style=\"width: 1920px\"><a href=\"http:\/\/damienboschi.com\/photographe-professionnel\/infos\/prestations\/retouche-photo-avant-apres\/\"><img data-attachment-id=\"2198\" data-permalink=\"http:\/\/damienboschi.com\/photographe-professionnel\/gallery\/maje\/_mg_0158-modifier\/\" data-orig-file=\"https:\/\/i0.wp.com\/damienboschi.com\/photographe-professionnel\/wp-content\/uploads\/2016\/04\/MG_0158-Modifier.jpg?fit=1920%2C1280\" data-orig-size=\"1920,1280\" data-comments-opened=\"0\" data-image-meta=\"{&quot;aperture&quot;:&quot;0&quot;,&quot;credit&quot;:&quot;&quot;,&quot;camera&quot;:&quot;&quot;,&quot;caption&quot;:&quot;&quot;,&quot;created_timestamp&quot;:&quot;0&quot;,&quot;copyright&quot;:&quot;www.vipretouch.com&quot;,&quot;focal_length&quot;:&quot;0&quot;,&quot;iso&quot;:&quot;0&quot;,&quot;shutter_speed&quot;:&quot;0&quot;,&quot;title&quot;:&quot;&quot;,&quot;orientation&quot;:&quot;1&quot;}\" data-image-title=\"_MG_0158-Modifier\" data-image-description=\"\" data-image-caption=\"\" data-medium-file=\"https:\/\/i0.wp.com\/damienboschi.com\/photographe-professionnel\/wp-content\/uploads\/2016\/04\/MG_0158-Modifier.jpg?fit=300%2C200\" data-large-file=\"https:\/\/i0.wp.com\/damienboschi.com\/photographe-professionnel\/wp-content\/uploads\/2016\/04\/MG_0158-Modifier.jpg?fit=750%2C500\" data-recalc-dims=\"1\" loading=\"lazy\" decoding=\"async\" class=\"wp-image-2198 size-full\" src=\"https:\/\/i0.wp.com\/damienboschi.com\/photographe-professionnel\/wp-content\/uploads\/2016\/04\/MG_0158-Modifier.jpg?resize=905%2C603\" alt=\"\" width=\"905\" height=\"603\" srcset=\"https:\/\/i0.wp.com\/damienboschi.com\/photographe-professionnel\/wp-content\/uploads\/2016\/04\/MG_0158-Modifier.jpg?w=1920 1920w, https:\/\/i0.wp.com\/damienboschi.com\/photographe-professionnel\/wp-content\/uploads\/2016\/04\/MG_0158-Modifier.jpg?resize=300%2C200 300w, https:\/\/i0.wp.com\/damienboschi.com\/photographe-professionnel\/wp-content\/uploads\/2016\/04\/MG_0158-Modifier.jpg?resize=768%2C512 768w, https:\/\/i0.wp.com\/damienboschi.com\/photographe-professionnel\/wp-content\/uploads\/2016\/04\/MG_0158-Modifier.jpg?resize=750%2C500 750w, https:\/\/i0.wp.com\/damienboschi.com\/photographe-professionnel\/wp-content\/uploads\/2016\/04\/MG_0158-Modifier.jpg?resize=233%2C155 233w, https:\/\/i0.wp.com\/damienboschi.com\/photographe-professionnel\/wp-content\/uploads\/2016\/04\/MG_0158-Modifier.jpg?resize=255%2C170 255w, https:\/\/i0.wp.com\/damienboschi.com\/photographe-professionnel\/wp-content\/uploads\/2016\/04\/MG_0158-Modifier.jpg?resize=167%2C111 167w, https:\/\/i0.wp.com\/damienboschi.com\/photographe-professionnel\/wp-content\/uploads\/2016\/04\/MG_0158-Modifier.jpg?resize=344%2C229 344w, https:\/\/i0.wp.com\/damienboschi.com\/photographe-professionnel\/wp-content\/uploads\/2016\/04\/MG_0158-Modifier.jpg?resize=283%2C189 283w, https:\/\/i0.wp.com\/damienboschi.com\/photographe-professionnel\/wp-content\/uploads\/2016\/04\/MG_0158-Modifier.jpg?resize=685%2C457 685w, https:\/\/i0.wp.com\/damienboschi.com\/photographe-professionnel\/wp-content\/uploads\/2016\/04\/MG_0158-Modifier.jpg?w=1810 1810w\" sizes=\"auto, (max-width: 905px) 100vw, 905px\" \/><\/a><p class=\"wp-caption-text\">RETOUCHES<\/p><\/div>\n<\/div>\n<\/div><\/div><\/div><\/div><div id=\"pg-67-2\"  class=\"panel-grid panel-no-style\" ><div id=\"pgc-67-2-0\"  class=\"panel-grid-cell\" ><div id=\"panel-67-2-0-0\" class=\"so-panel widget widget_sow-editor panel-first-child\" data-index=\"7\" ><div\n\t\t\t\n\t\t\tclass=\"so-widget-sow-editor so-widget-sow-editor-base\"\n\t\t\t\n\t\t>\n<div class=\"siteorigin-widget-tinymce textwidget\">\n\t<p><span style=\"text-decoration: underline;\"><span style=\"font-size: 17px; font-style: normal; line-height: 1.1;\">CARACT\u00c9RISTIQUES STANDARDS\u00a0<\/span><\/span><\/p>\n<ul>\n<li>Nombre de photographies r\u00e9alis\u00e9es \u00ab\u00a0illimit\u00e9\u00a0\u00bb proportionnel \u00e0 la nature et la dur\u00e9e de la mission<\/li>\n<li>Fichiers num\u00e9riques natifs standard de d\u00e9finition <strong>5760x3840 px<\/strong> (22 m\u00e9gapixels) ou <strong>6720\u00d74480 px<\/strong> (30 m\u00e9gapixels) ou <strong>8688\u00d75792 px<\/strong> (50 m\u00e9gapixels)<\/li>\n<li>Tri et s\u00e9lection des photographies (via galerie internet,\u00a0fichier planche contact num\u00e9rique,...)<\/li>\n<li>Post traitement standard (balance des blancs, ajustage chromatique et \u00e9quilibrage des lumi\u00e8res)<\/li>\n<li>Conversion fichiers au format JPEG, TIF ou PSD, si n\u00e9cessaire optimisation des images pour la publication Internet ou Presse.<\/li>\n<li>Exportation et archivage des images garanti pendant 6 mois<\/li>\n<li>Livraison sur DVD, clef USB ou FTP, HTTPS (support et d\u00e9lais adapt\u00e9s en fonction de la demande et du volume, 24\/48H, ...)<\/li>\n<li>Cession des droits d'auteur <span style=\"color: #ff0000;\"><strong>*<\/strong><\/span><\/li>\n<li>Disponible sur la r\u00e9gion PACA, Paris et l'\u00e9tranger <strong><span style=\"color: #ff0000;\">**<\/span><\/strong><\/li>\n<\/ul>\n<p><strong><span style=\"color: #ff0000;\">* \u00a0<\/span><\/strong><em>Au cas par cas en fonction des prestations\/reportages pour les\u00a0supports, territoires et p\u00e9riodes mentionn\u00e9s dans le bon de commande.<br \/>\n<\/em><strong><span style=\"color: #ff0000;\">** <\/span><\/strong><em>Frais de d\u00e9placement en sus au del\u00e0 de l'agglom\u00e9ration Marseillaise.<\/em><\/p>\n<\/div>\n<\/div><\/div><div id=\"panel-67-2-0-1\" class=\"so-panel widget widget_sow-editor\" data-index=\"8\" ><div\n\t\t\t\n\t\t\tclass=\"so-widget-sow-editor so-widget-sow-editor-base\"\n\t\t\t\n\t\t>\n<div class=\"siteorigin-widget-tinymce textwidget\">\n\t<p><span style=\"text-decoration: underline;\"><span style=\"font-size: 17px; font-style: normal; line-height: 1.1;\">AUTRES SERVICES ET OPTIONS<\/span><\/span><\/p>\n<ul>\n<li>Photographies panoramiques, photo 360\u00b0, photo HDR, ...<\/li>\n<li>Vid\u00e9os TimeLapse \/ Slowmotion (GoPro)<\/li>\n<li><a href=\"http:\/\/damienboschi.com\/photographe-professionnel\/infos\/prestations\/retouche-photo-avant-apres\/\">Retouche photo num\u00e9rique<\/a> (modification produit, d\u00e9tourage, ...)<\/li>\n<li>Photographe professionnel suppl\u00e9mentaire<\/li>\n<li>Autres moyens de production: studio photo, appareil moyen format num\u00e9rique, ...<\/li>\n<li>Borne d'impression photos pour vos \u00e9v\u00e9nements, tirages papiers, exposition \u2026<\/li>\n<\/ul>\n<\/div>\n<\/div><\/div><div id=\"panel-67-2-0-2\" class=\"so-panel widget widget_sow-editor panel-last-child\" data-index=\"9\" ><div\n\t\t\t\n\t\t\tclass=\"so-widget-sow-editor so-widget-sow-editor-base\"\n\t\t\t\n\t\t>\n<div class=\"siteorigin-widget-tinymce textwidget\">\n\t<p><b>POUR PLUS D'INFO CONSULTER LA <\/b><span style=\"font-weight: 300;\"><a href=\"http:\/\/damienboschi.com\/pro\/infos\/prestations\/tarification\/\" class=\"su-button su-button-style-soft\" style=\"color:#FFFFFF;background-color:#000000;border-color:#000000;border-radius:6px\" target=\"_self\"><span style=\"color:#FFFFFF;padding:0px 18px;font-size:14px;line-height:28px;border-color:#4d4d4d;border-radius:6px;text-shadow:none\"> TARIFICATION<\/span><\/a><\/span><b> OU DEMANDER UN <\/b><span style=\"font-weight: 300;\"><a href=\"http:\/\/damienboschi.com\/pro\/infos\/prestations\/demande-de-devis\/\" class=\"su-button su-button-style-soft\" style=\"color:#FFFFFF;background-color:#000000;border-color:#000000;border-radius:6px\" target=\"_self\"><span style=\"color:#FFFFFF;padding:0px 18px;font-size:14px;line-height:28px;border-color:#4d4d4d;border-radius:6px;text-shadow:none\"> DEVIS GRATUIT<\/span><\/a><\/span><\/p>\n<\/div>\n<\/div><\/div><\/div><\/div><\/div>","protected":false},"excerpt":{"rendered":"<p>Prestations\u00a0&gt;\u00a0Accueil PRESTATIONS: Vous souhaitez vous d\u00e9marquer, avoir une identit\u00e9 visuelle unique, personnalis\u00e9e et de qualit\u00e9. Pour vos besoins d&rsquo;images produits, \u00a0de reportages institutionnels ou \u00e9v\u00e9nementiels,\u00a0je vous propose mon exp\u00e9rience et &hellip;<\/p>\n","protected":false},"author":1,"featured_media":1213,"parent":293,"menu_order":0,"comment_status":"closed","ping_status":"closed","template":"page-full-width.php","meta":{"footnotes":""},"class_list":["post-67","page","type-page","status-publish","has-post-thumbnail","hentry"],"jetpack_shortlink":"https:\/\/wp.me\/P4pUQh-15","jetpack_sharing_enabled":false,"jetpack-related-posts":[],"_links":{"self":[{"href":"http:\/\/damienboschi.com\/photographe-professionnel\/wp-json\/wp\/v2\/pages\/67","targetHints":{"allow":["GET"]}}],"collection":[{"href":"http:\/\/damienboschi.com\/photographe-professionnel\/wp-json\/wp\/v2\/pages"}],"about":[{"href":"http:\/\/damienboschi.com\/photographe-professionnel\/wp-json\/wp\/v2\/types\/page"}],"author":[{"embeddable":true,"href":"http:\/\/damienboschi.com\/photographe-professionnel\/wp-json\/wp\/v2\/users\/1"}],"replies":[{"embeddable":true,"href":"http:\/\/damienboschi.com\/photographe-professionnel\/wp-json\/wp\/v2\/comments?post=67"}],"version-history":[{"count":6,"href":"http:\/\/damienboschi.com\/photographe-professionnel\/wp-json\/wp\/v2\/pages\/67\/revisions"}],"predecessor-version":[{"id":3512,"href":"http:\/\/damienboschi.com\/photographe-professionnel\/wp-json\/wp\/v2\/pages\/67\/revisions\/3512"}],"up":[{"embeddable":true,"href":"http:\/\/damienboschi.com\/photographe-professionnel\/wp-json\/wp\/v2\/pages\/293"}],"wp:featuredmedia":[{"embeddable":true,"href":"http:\/\/damienboschi.com\/photographe-professionnel\/wp-json\/wp\/v2\/media\/1213"}],"wp:attachment":[{"href":"http:\/\/damienboschi.com\/photographe-professionnel\/wp-json\/wp\/v2\/media?parent=67"}],"curies":[{"name":"wp","href":"https:\/\/api.w.org\/{rel}","templated":true}]}}