{"id":284,"date":"2014-03-04T14:39:37","date_gmt":"2014-03-04T13:39:37","guid":{"rendered":"http:\/\/damienboschi.com\/pro\/?page_id=284"},"modified":"2017-01-13T21:31:22","modified_gmt":"2017-01-13T20:31:22","slug":"mentions-legales","status":"publish","type":"page","link":"http:\/\/damienboschi.com\/photographe-professionnel\/mentions-legales\/","title":{"rendered":"MENTIONS L\u00c9GALES"},"content":{"rendered":"<p style=\"text-align: right;\"><strong>Mentions l\u00e9gales<\/strong>\u00a0&gt; <a title=\"ACCUEIL\" href=\"http:\/\/damienboschi.com\/pro\/accueil\/\">Accueil<\/a><\/p>\n<h4>MENTIONS L\u00c9GALES:<\/h4>\n<hr \/>\n<div class=\"su-spoiler su-spoiler-style-fancy su-spoiler-icon-plus-square-1\" data-scroll-offset=\"0\" data-anchor-in-url=\"no\"><div class=\"su-spoiler-title\" tabindex=\"0\" role=\"button\"><span class=\"su-spoiler-icon\"><\/span>\u00c9diteur &amp; directeur de la publication<\/div><div class=\"su-spoiler-content su-u-clearfix su-u-trim\">\n<p style=\"padding-left: 30px;\"><strong style=\"font-style: normal;\">Damien BOSCHI<br \/>\n<\/strong>195 rue Saint Pierre, B\u00e2t. Le Pericles 2<br \/>\n13005 Marseille &#8211; FRANCE<\/p>\n<p style=\"padding-left: 30px;\">Cel. +33 (0)6 23 07 65 03<br \/>\nFax. +33 (0)9 72 45 57 19<br \/>\n<strong><a href=\"&#109;&#x61;&#x69;l&#116;&#x6f;&#x3a;c&#111;&#x6e;t&#97;&#x63;&#x74;&#64;&#100;&#x61;m&#105;&#x65;&#x6e;b&#111;&#x73;&#x63;&#104;&#x69;&#x2e;c&#111;&#x6d;\" data-link-type=\"mailto\" data-link-value=\"c&#111;&#x6e;&#x74;a&#99;&#116;&#x40;&#x64;a&#109;&#x69;&#x65;n&#98;&#111;&#x73;&#x63;h&#105;&#x2e;&#x63;o&#109;\"><b>&#x63;&#111;&#110;t&#x61;&#x63;&#116;&#64;&#x64;&#x61;&#109;ie&#x6e;&#98;&#111;s&#x63;&#x68;&#105;&#46;&#x63;&#x6f;&#109;<\/b><\/a><\/strong><\/p>\n<p style=\"padding-left: 30px;\">N\u00b0 SIRET: 800 854 143 <span style=\"color: #ff0000;\">00024<\/span><br \/>\nCODE APE:\u00a074.20Z<\/p>\n<\/div><\/div>\n<div class=\"su-spoiler su-spoiler-style-fancy su-spoiler-icon-plus-square-1 su-spoiler-closed\" data-scroll-offset=\"0\" data-anchor-in-url=\"no\"><div class=\"su-spoiler-title\" tabindex=\"0\" role=\"button\"><span class=\"su-spoiler-icon\"><\/span>H\u00e9bergement<\/div><div class=\"su-spoiler-content su-u-clearfix su-u-trim\">\n<p style=\"padding-left: 30px;\"><strong>SAS OVH<\/strong><br \/>\n2 rue Kellermann \u2013 59100 Roubaix \u2013 FRANCE.<br \/>\nT\u00e9l : 08 20 32 03 63<\/p>\n<\/div><\/div>\n<div class=\"su-spoiler su-spoiler-style-fancy su-spoiler-icon-plus-square-1 su-spoiler-closed\" data-scroll-offset=\"0\" data-anchor-in-url=\"no\"><div class=\"su-spoiler-title\" tabindex=\"0\" role=\"button\"><span class=\"su-spoiler-icon\"><\/span>Cr\u00e9ation du site internet &amp; Cr\u00e9dit Photo<\/div><div class=\"su-spoiler-content su-u-clearfix su-u-trim\">\n<p style=\"padding-left: 30px;\">VIA WORDPRESS &amp; SKYLAB<br \/>\n<a title=\"SELF PORTRAIT | Damien Boschi Photographe\" href=\"http:\/\/damienboschi.com\/photographe-professionnel\/wp-content\/uploads\/2014\/03\/DamienBoschi-02-copie-233x300.jpg\" target=\"_blank\">Portrait<\/a> de Damien Boschi r\u00e9alis\u00e9 par <strong>Yves COLAS<\/strong><\/p>\n<\/div><\/div>\n<div class=\"su-spoiler su-spoiler-style-fancy su-spoiler-icon-plus-square-1 su-spoiler-closed\" data-scroll-offset=\"0\" data-anchor-in-url=\"no\"><div class=\"su-spoiler-title\" tabindex=\"0\" role=\"button\"><span class=\"su-spoiler-icon\"><\/span>Copyright \u00a9 Droit d'auteur &amp; droit des marques<\/div><div class=\"su-spoiler-content su-u-clearfix su-u-trim\">\n<p style=\"text-align: justify; padding-left: 30px;\">L\u2019ensemble des contenus du domaine \u00ab damienboschi.com \u00bb rel\u00e8ve des l\u00e9gislations fran\u00e7aise et internationale sur le droit d\u2019auteur et la propri\u00e9t\u00e9 intellectuelle.\u00a0Tous les droits de reproduction sont r\u00e9serv\u00e9s.<\/p>\n<p style=\"text-align: justify; padding-left: 30px;\">Tous les \u00e9l\u00e9ments (informations, donn\u00e9es, photographies, etc.) pr\u00e9sents sur le domaine\u00a0\u00ab damienboschi.com \u00bb, sont la propri\u00e9t\u00e9 exclusive de Damien Boschi et sont prot\u00e9g\u00e9s par les dispositions du Code de la Propri\u00e9t\u00e9 Intellectuelle.<br \/>\nLa reproduction de tout ou partie de ce site sur quelque support que ce soit est formellement interdite sauf autorisation \u00e9crite expresse de Damien Boschi.<\/p>\n<p style=\"text-align: justify; padding-left: 30px;\">Vous avez seulement le droit de voir les images dans votre navigateur Internet. Aucune partie du texte, des graphismes ou des photographies de ce site y compris pour les documents t\u00e9l\u00e9chargeables et les repr\u00e9sentations iconographiques ne peuvent \u00eatre reproduites ou transmises sous quelque forme que ce soit, par quelque moyen que ce soit, \u00e9lectronique ou m\u00e9canique, ou figurer sur un autre site. Toute extraction et\/ou reproduction d\u2019une partie substantielle des informations diffus\u00e9es sur le site est interdite sans l\u2019autorisation \u00e9crite expresse et pr\u00e9alable d\u2019Emmanuel Moulic, et constitue une violation du droit d\u2019auteur autre que celle pr\u00e9vue \u00e0 l\u2019article L 122-5 du code de la propri\u00e9t\u00e9 intellectuelle.<\/p>\n<p style=\"text-align: justify; padding-left: 30px;\"><strong>Article L.335-2 du code de la propri\u00e9t\u00e9 intellectuelle<\/strong><br \/>\nToute \u00e9dition d\u2019\u00e9crits, de composition musicale, de dessin, de peinture ou de toute autre production imprim\u00e9e ou grav\u00e9e en entier ou en partie, au m\u00e9pris des lois et r\u00e8glements relatifs \u00e0 la propri\u00e9t\u00e9 des auteurs, est une contrefa\u00e7on ; et toute contrefa\u00e7on est un d\u00e9lit.<br \/>\nLa contrefa\u00e7on en France d\u2019ouvrages publi\u00e9s en France ou \u00e0 l\u2019\u00e9tranger est punie de trois ans d\u2019emprisonnement et de 300 000 \u20ac d\u2019amende (*).<br \/>\nSeront punis des m\u00eames peines le d\u00e9bit, l\u2019exportation et l\u2019importation des ouvrages contrefaits.<br \/>\nLorsque les d\u00e9lits pr\u00e9vus par le pr\u00e9sent article ont \u00e9t\u00e9 commis en bande organis\u00e9e, les peines sont port\u00e9es \u00e0 cinq ans d\u2019emprisonnement et \u00e0 500 000 euros d\u2019amende.<\/p>\n<p style=\"text-align: justify; padding-left: 30px;\"><strong>Article L.335-3 du code de la propri\u00e9t\u00e9 intellectuelle<\/strong><br \/>\nEst \u00e9galement un d\u00e9lit de contrefa\u00e7on toute reproduction, repr\u00e9sentation ou diffusion, par quelque moyen que ce soit, d\u2019une \u0153uvre de l\u2019esprit en violation des droits de l\u2019auteur, tels qu\u2019ils sont d\u00e9finis et r\u00e9glement\u00e9s par la loi.<br \/>\nEst \u00e9galement un d\u00e9lit de contrefa\u00e7on la violation de l\u2019un des droits de l\u2019auteur de logiciel d\u00e9finis \u00e0 l\u2019article L.122-6 du CPI.<\/p>\n<p style=\"text-align: justify; padding-left: 30px;\">Attention ! Toute utilisation faite sans l\u2019accord de l\u2019auteur constituera un acte de contrefa\u00e7on et sera passible de poursuites judiciaires.<\/p>\n<\/div><\/div>\n<div class=\"su-spoiler su-spoiler-style-fancy su-spoiler-icon-plus-square-1 su-spoiler-closed\" data-scroll-offset=\"0\" data-anchor-in-url=\"no\"><div class=\"su-spoiler-title\" tabindex=\"0\" role=\"button\"><span class=\"su-spoiler-icon\"><\/span>Liens hypertextes<\/div><div class=\"su-spoiler-content su-u-clearfix su-u-trim\">\n<h5><\/h5>\n<p style=\"text-align: justify; padding-left: 30px;\">Tous les liens en direction du domaine \u00ab damienboschi.com \u00bb, doivent faire l\u2019objet d\u2019une autorisation \u00e9crite pr\u00e9alable de Damien Boschi, et ne sont pas sous le contr\u00f4le de Damien Boschi qui d\u00e9cline toute responsabilit\u00e9 quant \u00e0 leurs contenus.\u00a0L\u2019utilisateur est seul responsable de leur utilisation.<\/p>\n<\/div><\/div>\n<div class=\"su-spoiler su-spoiler-style-fancy su-spoiler-icon-plus-square-1 su-spoiler-closed\" data-scroll-offset=\"0\" data-anchor-in-url=\"no\"><div class=\"su-spoiler-title\" tabindex=\"0\" role=\"button\"><span class=\"su-spoiler-icon\"><\/span>Formulaire de contact &amp; donn\u00e9es personnelles<\/div><div class=\"su-spoiler-content su-u-clearfix su-u-trim\">\n<p style=\"text-align: justify; padding-left: 30px;\">L\u2019utilisateur est inform\u00e9 que les informations recueillies sont tenues strictement confidentielles et sont destin\u00e9es \u00e0 l&rsquo;usage exclusif de Damien Boschi.<\/p>\n<p style=\"text-align: justify; padding-left: 30px;\">Conform\u00e9ment \u00e0 la loi \u00ab\u00a0Informatique et Libert\u00e9s\u00a0\u00bb du 6 janvier 1978 modifi\u00e9e par la loi du 6 ao\u00fbt 2004 (articles 38 \u00e0 43 de la loi n\u00b0 78-17 du 6 janvier 1978 relative \u00e0 l&rsquo;informatique, aux fichiers et aux libert\u00e9s), vous pouvez exercer votre droit d&rsquo;acc\u00e8s aux informations et le cas \u00e9ch\u00e9ant votre droit de rectification ou de retrait des informations vous concernant en\u00a0<a title=\"CONTACT | Damien Boschi Photographe\" href=\"http:\/\/damienboschi.com\/pro\/contact\/\" target=\"_blank\">cliquant ici<\/a>.<\/p>\n<p style=\"text-align: justify; padding-left: 30px;\">Pour toute information sur la protection des donn\u00e9es personnelles, vous pouvez consulter le site de la Commission Informatique et Libert\u00e9\u00a0<a title=\"CNIL\" href=\"http:\/\/www.cnil.fr\/\" target=\"_blank\">http:\/\/www.cnil.fr<\/a><\/p>\n<p style=\"text-align: justify; padding-left: 30px;\">Certaines r\u00e9ponses au formulaire de contact sont obligatoires pour nous permettre de traiter correctement votre demande.<\/p>\n<\/div><\/div>\n<div class=\"su-spoiler su-spoiler-style-fancy su-spoiler-icon-plus-square-1 su-spoiler-closed\" data-scroll-offset=\"0\" data-anchor-in-url=\"no\"><div class=\"su-spoiler-title\" tabindex=\"0\" role=\"button\"><span class=\"su-spoiler-icon\"><\/span>Conditions d'utilisation du site<\/div><div class=\"su-spoiler-content su-u-clearfix su-u-trim\">\n<p style=\"text-align: justify; padding-left: 30px;\">En acc\u00e9dant au domaine\u00a0\u00ab damienboschi.com \u00bb\u00a0l&rsquo;utilisateur s&rsquo;engage \u00e0 se conformer \u00e0 ses conditions d&rsquo;utilisation et d\u00e9clare disposer au pr\u00e9alable d&rsquo;un acc\u00e8s Internet, en conna\u00eetre les r\u00e8gles et les usages, les capacit\u00e9s et performances techniques et disposer de tous mat\u00e9riels et logiciels n\u00e9cessaires \u00e0 la navigation sur Internet. L&rsquo;utilisateur garantit l&rsquo;entreprise contre toute utilisation illicite, non conforme et\/ou non autoris\u00e9e des informations accessibles via\u00a0\u00ab damienboschi.com \u00bb.<\/p>\n<p style=\"text-align: justify; padding-left: 30px;\">L&rsquo;utilisateur est seul responsable de l&rsquo;utilisation des informations accessibles via ce site que l&rsquo;entreprise se r\u00e9serve le droit de modifier \u00e0 tout moment, notamment en actualisant ce site. L&rsquo;entreprise se r\u00e9serve le droit de supprimer ou de modifier de plein droit, certaines des fonctionnalit\u00e9s du site, sans pr\u00e9avis ni indemnit\u00e9. L&rsquo;utilisateur s&rsquo;engage \u00e0 respecter les usages d&rsquo;Internet et la r\u00e9glementation en vigueur et \u00e0 ne pas divulguer via\u00a0\u00ab damienboschi.com \u00bb\u00a0des informations ill\u00e9gales. L&rsquo;utilisateur est seul responsable de l&rsquo;identit\u00e9 qu&rsquo;il d\u00e9cline et des informations qu&rsquo;il adresse. Toute utilisation de toute donn\u00e9e r\u00e9alis\u00e9e \u00e0 partir de l&rsquo;adresse \u00e9lectronique de l&rsquo;utilisateur est r\u00e9put\u00e9e avoir \u00e9t\u00e9 r\u00e9alis\u00e9e par celui-ci. L&rsquo;entreprise ne garantit en aucune mani\u00e8re l&rsquo;exactitude ni l&rsquo;exhaustivit\u00e9 des informations offertes par les sites r\u00e9f\u00e9renc\u00e9s.<\/p>\n<p style=\"text-align: justify; padding-left: 30px;\">Il appartient aux utilisateurs de prendre toutes les mesures appropri\u00e9es pour la protection de leur mat\u00e9riel, donn\u00e9es ou logiciel informatiques notamment contre les virus informatiques circulant sur le r\u00e9seau.<\/p>\n<p style=\"text-align: justify; padding-left: 30px;\">Damien Boschi ne pourra en aucun cas \u00eatre tenu responsable, lors de la connexion sur son domaine \u00ab damienboschi.com \u00bb, des dommages caus\u00e9s par un virus,\u00a0de dommages quelconques pouvant affecter l\u2019ordinateur de l\u2019utilisateur ou les donn\u00e9es qui y sont stock\u00e9es.<\/p>\n<p style=\"text-align: justify; padding-left: 30px;\">Damien Boschi\u00a0d\u00e9cline toute responsabilit\u00e9 pour les difficult\u00e9s rencontr\u00e9es lors de l&rsquo;acc\u00e8s au domaine\u00a0\u00ab damienboschi.com \u00bb\u00a0ou pour toute d\u00e9faillance de communication.<\/p>\n<\/div><\/div>\n<div class=\"su-spoiler su-spoiler-style-fancy su-spoiler-icon-plus-square-1 su-spoiler-closed\" data-scroll-offset=\"0\" data-anchor-in-url=\"no\"><div class=\"su-spoiler-title\" tabindex=\"0\" role=\"button\"><span class=\"su-spoiler-icon\"><\/span>Avertissement<\/div><div class=\"su-spoiler-content su-u-clearfix su-u-trim\">\n<p style=\"text-align: justify; padding-left: 30px;\">En acc\u00e9dant au domaine\u00a0\u00ab damienboschi.com \u00bb, les internautes acceptent les pr\u00e9sentes conditions g\u00e9n\u00e9rales d&rsquo;utilisation et mentions l\u00e9gales.<\/p>\n<p style=\"text-align: justify; padding-left: 30px;\">L&rsquo;internaute reconna\u00eet notamment que les \u00e9l\u00e9ments le composant sont l\u00e9galement prot\u00e9g\u00e9s, et l\u2019internaute s\u2019interdit notamment d\u2019extraire, r\u00e9utiliser, stocker, reproduire, repr\u00e9senter, ou converser, directement ou indirectement, sur un support quelconque, par tout moyen et sous toute forme que ce soit, tout ou partie du pr\u00e9sent site.<\/p>\n<\/div><\/div>\n","protected":false},"excerpt":{"rendered":"<p>Mentions l\u00e9gales\u00a0&gt; Accueil MENTIONS L\u00c9GALES:<\/p>\n","protected":false},"author":1,"featured_media":1199,"parent":0,"menu_order":0,"comment_status":"closed","ping_status":"closed","template":"page-full-width.php","meta":{"footnotes":""},"class_list":["post-284","page","type-page","status-publish","has-post-thumbnail","hentry"],"jetpack_shortlink":"https:\/\/wp.me\/P4pUQh-4A","jetpack_sharing_enabled":false,"jetpack-related-posts":[],"_links":{"self":[{"href":"http:\/\/damienboschi.com\/photographe-professionnel\/wp-json\/wp\/v2\/pages\/284","targetHints":{"allow":["GET"]}}],"collection":[{"href":"http:\/\/damienboschi.com\/photographe-professionnel\/wp-json\/wp\/v2\/pages"}],"about":[{"href":"http:\/\/damienboschi.com\/photographe-professionnel\/wp-json\/wp\/v2\/types\/page"}],"author":[{"embeddable":true,"href":"http:\/\/damienboschi.com\/photographe-professionnel\/wp-json\/wp\/v2\/users\/1"}],"replies":[{"embeddable":true,"href":"http:\/\/damienboschi.com\/photographe-professionnel\/wp-json\/wp\/v2\/comments?post=284"}],"version-history":[{"count":0,"href":"http:\/\/damienboschi.com\/photographe-professionnel\/wp-json\/wp\/v2\/pages\/284\/revisions"}],"wp:featuredmedia":[{"embeddable":true,"href":"http:\/\/damienboschi.com\/photographe-professionnel\/wp-json\/wp\/v2\/media\/1199"}],"wp:attachment":[{"href":"http:\/\/damienboschi.com\/photographe-professionnel\/wp-json\/wp\/v2\/media?parent=284"}],"curies":[{"name":"wp","href":"https:\/\/api.w.org\/{rel}","templated":true}]}}