{"id":1379,"date":"2014-11-20T15:06:02","date_gmt":"2014-11-20T14:06:02","guid":{"rendered":"http:\/\/damienboschi.com\/pro\/?page_id=1379"},"modified":"2016-04-12T16:40:15","modified_gmt":"2016-04-12T14:40:15","slug":"aix-marseille-avignon-provence","status":"publish","type":"page","link":"http:\/\/damienboschi.com\/photographe-professionnel\/aix-marseille-avignon-provence\/","title":{"rendered":"PROVENCE &#8211; MARSEILLE"},"content":{"rendered":"<h5 style=\"text-align: center;\">PHOTOGRAPHIES POUR LES PME, INDUSTRIES, COLLECTIVIT\u00c9S ET ASSOCIATIONS<\/h5>\n<h6 style=\"text-align: center;\">Pour voir mes r\u00e9alisations, merci de cliquer sur un des th\u00e8mes suivants:<\/h6>\n<p>&nbsp;<\/p>\n<div id=\"attachment_103\" class=\"wp-caption aligncenter\" style=\"width: 540px\"><a href=\"http:\/\/damienboschi.com\/pro\/provence-marseille\/photographe-architecture-design\/\"><img data-recalc-dims=\"1\" loading=\"lazy\" decoding=\"async\" data-attachment-id=\"103\" data-permalink=\"http:\/\/damienboschi.com\/photographe-professionnel\/portfolio\/architecture-design\/damien-boschi-img_4796\/\" data-orig-file=\"https:\/\/i0.wp.com\/damienboschi.com\/photographe-professionnel\/wp-content\/uploads\/2014\/03\/Damien-Boschi-IMG_4796.jpg?fit=750%2C500\" data-orig-size=\"750,500\" data-comments-opened=\"0\" data-image-meta=\"{&quot;aperture&quot;:&quot;0&quot;,&quot;credit&quot;:&quot;&quot;,&quot;camera&quot;:&quot;&quot;,&quot;caption&quot;:&quot;&quot;,&quot;created_timestamp&quot;:&quot;0&quot;,&quot;copyright&quot;:&quot;&quot;,&quot;focal_length&quot;:&quot;0&quot;,&quot;iso&quot;:&quot;0&quot;,&quot;shutter_speed&quot;:&quot;0&quot;,&quot;title&quot;:&quot;&quot;}\" data-image-title=\"Damien-Boschi-IMG_4796\" data-image-description=\"\" data-image-caption=\"\" data-medium-file=\"https:\/\/i0.wp.com\/damienboschi.com\/photographe-professionnel\/wp-content\/uploads\/2014\/03\/Damien-Boschi-IMG_4796.jpg?fit=300%2C200\" data-large-file=\"https:\/\/i0.wp.com\/damienboschi.com\/photographe-professionnel\/wp-content\/uploads\/2014\/03\/Damien-Boschi-IMG_4796.jpg?fit=750%2C500\" class=\"wp-image-103\" src=\"https:\/\/i0.wp.com\/damienboschi.com\/photographe-professionnel\/wp-content\/uploads\/2014\/03\/Damien-Boschi-IMG_4796.jpg?resize=540%2C360\" alt=\"\" width=\"540\" height=\"360\" srcset=\"https:\/\/i0.wp.com\/damienboschi.com\/photographe-professionnel\/wp-content\/uploads\/2014\/03\/Damien-Boschi-IMG_4796.jpg?w=750 750w, https:\/\/i0.wp.com\/damienboschi.com\/photographe-professionnel\/wp-content\/uploads\/2014\/03\/Damien-Boschi-IMG_4796.jpg?resize=300%2C200 300w, https:\/\/i0.wp.com\/damienboschi.com\/photographe-professionnel\/wp-content\/uploads\/2014\/03\/Damien-Boschi-IMG_4796.jpg?resize=255%2C170 255w, https:\/\/i0.wp.com\/damienboschi.com\/photographe-professionnel\/wp-content\/uploads\/2014\/03\/Damien-Boschi-IMG_4796.jpg?resize=167%2C111 167w, https:\/\/i0.wp.com\/damienboschi.com\/photographe-professionnel\/wp-content\/uploads\/2014\/03\/Damien-Boschi-IMG_4796.jpg?resize=344%2C229 344w, https:\/\/i0.wp.com\/damienboschi.com\/photographe-professionnel\/wp-content\/uploads\/2014\/03\/Damien-Boschi-IMG_4796.jpg?resize=283%2C188 283w, https:\/\/i0.wp.com\/damienboschi.com\/photographe-professionnel\/wp-content\/uploads\/2014\/03\/Damien-Boschi-IMG_4796.jpg?resize=685%2C456 685w\" sizes=\"auto, (max-width: 540px) 100vw, 540px\" \/><\/a><p class=\"wp-caption-text\">ARCHITECTURE \/ DESIGN<\/p><\/div>\n<div id=\"attachment_329\" class=\"wp-caption aligncenter\" style=\"width: 540px\"><a href=\"http:\/\/damienboschi.com\/pro\/provence-marseille\/photographe-evenementiel\/\"><img data-recalc-dims=\"1\" loading=\"lazy\" decoding=\"async\" data-attachment-id=\"329\" data-permalink=\"http:\/\/damienboschi.com\/photographe-professionnel\/aix-marseille-avignon-provence\/damien-boschi-img_3211-2\/\" data-orig-file=\"https:\/\/i0.wp.com\/damienboschi.com\/photographe-professionnel\/wp-content\/uploads\/2014\/03\/Damien-Boschi-IMG_32111.jpg?fit=750%2C500\" data-orig-size=\"750,500\" data-comments-opened=\"0\" data-image-meta=\"{&quot;aperture&quot;:&quot;0&quot;,&quot;credit&quot;:&quot;&quot;,&quot;camera&quot;:&quot;&quot;,&quot;caption&quot;:&quot;&quot;,&quot;created_timestamp&quot;:&quot;0&quot;,&quot;copyright&quot;:&quot;&quot;,&quot;focal_length&quot;:&quot;0&quot;,&quot;iso&quot;:&quot;0&quot;,&quot;shutter_speed&quot;:&quot;0&quot;,&quot;title&quot;:&quot;&quot;}\" data-image-title=\"Damien-Boschi-IMG_3211\" data-image-description=\"\" data-image-caption=\"\" data-medium-file=\"https:\/\/i0.wp.com\/damienboschi.com\/photographe-professionnel\/wp-content\/uploads\/2014\/03\/Damien-Boschi-IMG_32111.jpg?fit=300%2C200\" data-large-file=\"https:\/\/i0.wp.com\/damienboschi.com\/photographe-professionnel\/wp-content\/uploads\/2014\/03\/Damien-Boschi-IMG_32111.jpg?fit=750%2C500\" class=\"wp-image-329\" src=\"https:\/\/i0.wp.com\/damienboschi.com\/photographe-professionnel\/wp-content\/uploads\/2014\/03\/Damien-Boschi-IMG_32111.jpg?resize=540%2C360\" alt=\"\" width=\"540\" height=\"360\" srcset=\"https:\/\/i0.wp.com\/damienboschi.com\/photographe-professionnel\/wp-content\/uploads\/2014\/03\/Damien-Boschi-IMG_32111.jpg?w=750 750w, https:\/\/i0.wp.com\/damienboschi.com\/photographe-professionnel\/wp-content\/uploads\/2014\/03\/Damien-Boschi-IMG_32111.jpg?resize=300%2C200 300w, https:\/\/i0.wp.com\/damienboschi.com\/photographe-professionnel\/wp-content\/uploads\/2014\/03\/Damien-Boschi-IMG_32111.jpg?resize=255%2C170 255w, https:\/\/i0.wp.com\/damienboschi.com\/photographe-professionnel\/wp-content\/uploads\/2014\/03\/Damien-Boschi-IMG_32111.jpg?resize=167%2C111 167w, https:\/\/i0.wp.com\/damienboschi.com\/photographe-professionnel\/wp-content\/uploads\/2014\/03\/Damien-Boschi-IMG_32111.jpg?resize=344%2C229 344w, https:\/\/i0.wp.com\/damienboschi.com\/photographe-professionnel\/wp-content\/uploads\/2014\/03\/Damien-Boschi-IMG_32111.jpg?resize=283%2C188 283w, https:\/\/i0.wp.com\/damienboschi.com\/photographe-professionnel\/wp-content\/uploads\/2014\/03\/Damien-Boschi-IMG_32111.jpg?resize=685%2C456 685w\" sizes=\"auto, (max-width: 540px) 100vw, 540px\" \/><\/a><p class=\"wp-caption-text\">EVENEMENTIEL<\/p><\/div>\n<div id=\"attachment_144\" class=\"wp-caption aligncenter\" style=\"width: 540px\"><a href=\"http:\/\/damienboschi.com\/pro\/provence-marseille\/photographe-corporate-institutionnel\/\"><img data-recalc-dims=\"1\" loading=\"lazy\" decoding=\"async\" class=\"wp-image-144\" src=\"https:\/\/i0.wp.com\/damienboschi.com\/photographe-professionnel\/wp-content\/uploads\/2014\/03\/Damien-Boschi-IMG_8153.jpg?resize=540%2C360\" alt=\"\" width=\"540\" height=\"360\" \/><\/a><p class=\"wp-caption-text\">CORPORATE<\/p><\/div>\n<div id=\"attachment_1701\" class=\"wp-caption aligncenter\" style=\"width: 540px\"><a href=\"http:\/\/damienboschi.com\/pro\/provence-marseille\/photographe-de-mode-look-book-campagne-publicitaire\/\"><img data-recalc-dims=\"1\" loading=\"lazy\" decoding=\"async\" data-attachment-id=\"1701\" data-permalink=\"http:\/\/damienboschi.com\/photographe-professionnel\/aix-marseille-avignon-provence\/photographe-de-mode-lingerie-maillot-de-bain-ecommerce-look-book-catalogue-campagne-publicitaire\/damienboschi-photographe-mode-07\/\" data-orig-file=\"https:\/\/i0.wp.com\/damienboschi.com\/photographe-professionnel\/wp-content\/uploads\/2015\/04\/damienboschi-photographe-mode-07.jpg?fit=960%2C640\" data-orig-size=\"960,640\" data-comments-opened=\"0\" data-image-meta=\"{&quot;aperture&quot;:&quot;0&quot;,&quot;credit&quot;:&quot;&quot;,&quot;camera&quot;:&quot;&quot;,&quot;caption&quot;:&quot;&quot;,&quot;created_timestamp&quot;:&quot;0&quot;,&quot;copyright&quot;:&quot;&quot;,&quot;focal_length&quot;:&quot;0&quot;,&quot;iso&quot;:&quot;0&quot;,&quot;shutter_speed&quot;:&quot;0&quot;,&quot;title&quot;:&quot;&quot;,&quot;orientation&quot;:&quot;0&quot;}\" data-image-title=\"damienboschi-photographe-mode-07\" data-image-description=\"\" data-image-caption=\"\" data-medium-file=\"https:\/\/i0.wp.com\/damienboschi.com\/photographe-professionnel\/wp-content\/uploads\/2015\/04\/damienboschi-photographe-mode-07.jpg?fit=300%2C200\" data-large-file=\"https:\/\/i0.wp.com\/damienboschi.com\/photographe-professionnel\/wp-content\/uploads\/2015\/04\/damienboschi-photographe-mode-07.jpg?fit=750%2C500\" class=\"wp-image-1701\" src=\"https:\/\/i0.wp.com\/damienboschi.com\/photographe-professionnel\/wp-content\/uploads\/2015\/04\/damienboschi-photographe-mode-07.jpg?resize=540%2C360\" alt=\"\" width=\"540\" height=\"360\" srcset=\"https:\/\/i0.wp.com\/damienboschi.com\/photographe-professionnel\/wp-content\/uploads\/2015\/04\/damienboschi-photographe-mode-07.jpg?resize=750%2C500 750w, https:\/\/i0.wp.com\/damienboschi.com\/photographe-professionnel\/wp-content\/uploads\/2015\/04\/damienboschi-photographe-mode-07.jpg?resize=300%2C200 300w, https:\/\/i0.wp.com\/damienboschi.com\/photographe-professionnel\/wp-content\/uploads\/2015\/04\/damienboschi-photographe-mode-07.jpg?resize=255%2C170 255w, https:\/\/i0.wp.com\/damienboschi.com\/photographe-professionnel\/wp-content\/uploads\/2015\/04\/damienboschi-photographe-mode-07.jpg?resize=167%2C111 167w, https:\/\/i0.wp.com\/damienboschi.com\/photographe-professionnel\/wp-content\/uploads\/2015\/04\/damienboschi-photographe-mode-07.jpg?resize=344%2C229 344w, https:\/\/i0.wp.com\/damienboschi.com\/photographe-professionnel\/wp-content\/uploads\/2015\/04\/damienboschi-photographe-mode-07.jpg?resize=283%2C189 283w, https:\/\/i0.wp.com\/damienboschi.com\/photographe-professionnel\/wp-content\/uploads\/2015\/04\/damienboschi-photographe-mode-07.jpg?resize=685%2C457 685w, https:\/\/i0.wp.com\/damienboschi.com\/photographe-professionnel\/wp-content\/uploads\/2015\/04\/damienboschi-photographe-mode-07.jpg?w=960 960w\" sizes=\"auto, (max-width: 540px) 100vw, 540px\" \/><\/a><p class=\"wp-caption-text\">MODE<\/p><\/div>\n<div id=\"attachment_134\" class=\"wp-caption aligncenter\" style=\"width: 540px\"><a href=\"http:\/\/damienboschi.com\/pro\/provence-marseille\/photographe-illustration-tourisme\/\"><img data-recalc-dims=\"1\" loading=\"lazy\" decoding=\"async\" data-attachment-id=\"134\" data-permalink=\"http:\/\/damienboschi.com\/photographe-professionnel\/portfolio\/tourisme\/damien-boschi-5d3_3452\/\" data-orig-file=\"https:\/\/i0.wp.com\/damienboschi.com\/photographe-professionnel\/wp-content\/uploads\/2014\/03\/Damien-Boschi-5D3_3452.jpg?fit=750%2C500\" data-orig-size=\"750,500\" data-comments-opened=\"0\" data-image-meta=\"{&quot;aperture&quot;:&quot;0&quot;,&quot;credit&quot;:&quot;&quot;,&quot;camera&quot;:&quot;&quot;,&quot;caption&quot;:&quot;&quot;,&quot;created_timestamp&quot;:&quot;0&quot;,&quot;copyright&quot;:&quot;www.damienboschi.net&quot;,&quot;focal_length&quot;:&quot;0&quot;,&quot;iso&quot;:&quot;0&quot;,&quot;shutter_speed&quot;:&quot;0&quot;,&quot;title&quot;:&quot;&quot;}\" data-image-title=\"Damien-Boschi-5D3_3452\" data-image-description=\"\" data-image-caption=\"\" data-medium-file=\"https:\/\/i0.wp.com\/damienboschi.com\/photographe-professionnel\/wp-content\/uploads\/2014\/03\/Damien-Boschi-5D3_3452.jpg?fit=300%2C200\" data-large-file=\"https:\/\/i0.wp.com\/damienboschi.com\/photographe-professionnel\/wp-content\/uploads\/2014\/03\/Damien-Boschi-5D3_3452.jpg?fit=750%2C500\" class=\"wp-image-134\" src=\"https:\/\/i0.wp.com\/damienboschi.com\/photographe-professionnel\/wp-content\/uploads\/2014\/03\/Damien-Boschi-5D3_3452.jpg?resize=540%2C360\" alt=\"Damien-Boschi-5D3_3452\" width=\"540\" height=\"360\" srcset=\"https:\/\/i0.wp.com\/damienboschi.com\/photographe-professionnel\/wp-content\/uploads\/2014\/03\/Damien-Boschi-5D3_3452.jpg?w=750 750w, https:\/\/i0.wp.com\/damienboschi.com\/photographe-professionnel\/wp-content\/uploads\/2014\/03\/Damien-Boschi-5D3_3452.jpg?resize=300%2C200 300w, https:\/\/i0.wp.com\/damienboschi.com\/photographe-professionnel\/wp-content\/uploads\/2014\/03\/Damien-Boschi-5D3_3452.jpg?resize=255%2C170 255w, https:\/\/i0.wp.com\/damienboschi.com\/photographe-professionnel\/wp-content\/uploads\/2014\/03\/Damien-Boschi-5D3_3452.jpg?resize=167%2C111 167w, https:\/\/i0.wp.com\/damienboschi.com\/photographe-professionnel\/wp-content\/uploads\/2014\/03\/Damien-Boschi-5D3_3452.jpg?resize=344%2C229 344w, https:\/\/i0.wp.com\/damienboschi.com\/photographe-professionnel\/wp-content\/uploads\/2014\/03\/Damien-Boschi-5D3_3452.jpg?resize=283%2C188 283w, https:\/\/i0.wp.com\/damienboschi.com\/photographe-professionnel\/wp-content\/uploads\/2014\/03\/Damien-Boschi-5D3_3452.jpg?resize=685%2C456 685w\" sizes=\"auto, (max-width: 540px) 100vw, 540px\" \/><\/a><p class=\"wp-caption-text\">ILLUSTRATION \/ TOURISME<\/p><\/div>\n","protected":false},"excerpt":{"rendered":"<p>PHOTOGRAPHIES POUR LES PME, INDUSTRIES, COLLECTIVIT\u00c9S ET ASSOCIATIONS Pour voir mes r\u00e9alisations, merci de cliquer sur un des th\u00e8mes suivants: &nbsp;<\/p>\n","protected":false},"author":1,"featured_media":0,"parent":0,"menu_order":10,"comment_status":"closed","ping_status":"closed","template":"page-full-width.php","meta":{"footnotes":""},"class_list":["post-1379","page","type-page","status-publish","hentry"],"jetpack_shortlink":"https:\/\/wp.me\/P4pUQh-mf","jetpack_sharing_enabled":true,"jetpack-related-posts":[],"_links":{"self":[{"href":"http:\/\/damienboschi.com\/photographe-professionnel\/wp-json\/wp\/v2\/pages\/1379","targetHints":{"allow":["GET"]}}],"collection":[{"href":"http:\/\/damienboschi.com\/photographe-professionnel\/wp-json\/wp\/v2\/pages"}],"about":[{"href":"http:\/\/damienboschi.com\/photographe-professionnel\/wp-json\/wp\/v2\/types\/page"}],"author":[{"embeddable":true,"href":"http:\/\/damienboschi.com\/photographe-professionnel\/wp-json\/wp\/v2\/users\/1"}],"replies":[{"embeddable":true,"href":"http:\/\/damienboschi.com\/photographe-professionnel\/wp-json\/wp\/v2\/comments?post=1379"}],"version-history":[{"count":0,"href":"http:\/\/damienboschi.com\/photographe-professionnel\/wp-json\/wp\/v2\/pages\/1379\/revisions"}],"wp:attachment":[{"href":"http:\/\/damienboschi.com\/photographe-professionnel\/wp-json\/wp\/v2\/media?parent=1379"}],"curies":[{"name":"wp","href":"https:\/\/api.w.org\/{rel}","templated":true}]}}